{"id":61,"date":"2024-07-23T15:59:05","date_gmt":"2024-07-23T13:59:05","guid":{"rendered":"http:\/\/detektywi-winners.pl\/?page_id=61"},"modified":"2025-05-12T09:49:51","modified_gmt":"2025-05-12T07:49:51","slug":"sekcja-strony-glownej","status":"publish","type":"page","link":"https:\/\/detektywi-winners.pl\/","title":{"rendered":"DETEKTYWI WINNERS"},"content":{"rendered":"<p style=\"text-align: left;\">Jeste\u015bmy<strong> zespo\u0142em do\u015bwiadczonych i licencjonowanych detektyw\u00f3w<\/strong>, kt\u00f3rzy z pasj\u0105 i zaanga\u017cowaniem rozwi\u0105zuj\u0105 nawet najbardziej skomplikowane sprawy. Nasza misja to dostarczanie <strong>rzetelnych<\/strong> i dyskretnych <strong>us\u0142ug detektywistyczny<\/strong>ch, kt\u00f3re pomog\u0105 naszym klientom w rozwik\u0142aniu ich problem\u00f3w i podejmowaniu \u015bwiadomych decyzji i dostarcz\u0105 dowody. Nasz zesp\u00f3\u0142 sk\u0142ada si\u0119 z profesjonalist\u00f3w o r\u00f3\u017cnorodnym do\u015bwiadczeniu. Dzi\u0119ki temu jeste\u015bmy w stanie zaoferowa\u0107 kompleksowe podej\u015bcie do ka\u017cdej sprawy, z uwzgl\u0119dnieniem wszystkich jej aspekt\u00f3w. Posiadamy nowoczesny sprz\u0119t i narz\u0119dzia, kt\u00f3re pozwalaj\u0105 nam na skuteczne przeprowadzanie \u015bledztw oraz monitorowanie. Zwie\u0144czeniem naszej pracy jest profesjonalne, obszerne <strong>sprawozdanie z wykonanych czynno\u015bci<\/strong>, kt\u00f3re otrzymuje ka\u017cdy Klient.<\/p>\n<p><strong>Licencje i Rejestracja:<\/strong><\/p>\n<p>Nasza agencja posiada wszystkie niezb\u0119dne licencje do prowadzenia dzia\u0142alno\u015bci detektywistycznej. Jeste\u015bmy wpisani do rejestru Ministerstwa Spraw Wewn\u0119trznych i Administracji <strong>(MSWiA) pod numerem RD-43\/2024<\/strong> , co gwarantuje nasz\u0105 legalno\u015b\u0107 i wiarygodno\u015b\u0107. Dzia\u0142amy zgodnie z najwy\u017cszymi standardami bran\u017cowymi i prawnymi.<\/p>\n<p>Jeste\u015bmy <strong>ubezpieczeni<\/strong> od odpowiedzialno\u015bci cywilnej w zakresie prowadzonej dzia\u0142alno\u015bci.<\/p>\n<p><strong>Posiadamy licencj\u0119 na us\u0142ugi detektywistyczne numer 0007402.<\/strong><\/p>\n<p><!--more--><\/p>\n","protected":false},"excerpt":{"rendered":"<p>Jeste\u015bmy zespo\u0142em do\u015bwiadczonych i licencjonowanych detektyw\u00f3w, kt\u00f3rzy z pasj\u0105 i zaanga\u017cowaniem rozwi\u0105zuj\u0105 nawet najbardziej skomplikowane sprawy. Nasza misja to dostarczanie rzetelnych i dyskretnych us\u0142ug detektywistycznych, kt\u00f3re pomog\u0105 naszym klientom w rozwik\u0142aniu ich problem\u00f3w i podejmowaniu \u015bwiadomych decyzji i dostarcz\u0105 dowody. Nasz zesp\u00f3\u0142 sk\u0142ada si\u0119 z profesjonalist\u00f3w o r\u00f3\u017cnorodnym do\u015bwiadczeniu. Dzi\u0119ki temu jeste\u015bmy w stanie zaoferowa\u0107 &hellip; <\/p>\n<p class=\"link-more\"><a href=\"https:\/\/detektywi-winners.pl\/\" class=\"more-link\">Czytaj dalej<span class=\"screen-reader-text\"> \u201eDETEKTYWI WINNERS\u201d<\/span><\/a><\/p>\n","protected":false},"author":1,"featured_media":161,"parent":0,"menu_order":0,"comment_status":"closed","ping_status":"closed","template":"","meta":{"footnotes":""},"class_list":["post-61","page","type-page","status-publish","has-post-thumbnail","hentry"],"_links":{"self":[{"href":"https:\/\/detektywi-winners.pl\/index.php\/wp-json\/wp\/v2\/pages\/61","targetHints":{"allow":["GET"]}}],"collection":[{"href":"https:\/\/detektywi-winners.pl\/index.php\/wp-json\/wp\/v2\/pages"}],"about":[{"href":"https:\/\/detektywi-winners.pl\/index.php\/wp-json\/wp\/v2\/types\/page"}],"author":[{"embeddable":true,"href":"https:\/\/detektywi-winners.pl\/index.php\/wp-json\/wp\/v2\/users\/1"}],"replies":[{"embeddable":true,"href":"https:\/\/detektywi-winners.pl\/index.php\/wp-json\/wp\/v2\/comments?post=61"}],"version-history":[{"count":7,"href":"https:\/\/detektywi-winners.pl\/index.php\/wp-json\/wp\/v2\/pages\/61\/revisions"}],"predecessor-version":[{"id":235,"href":"https:\/\/detektywi-winners.pl\/index.php\/wp-json\/wp\/v2\/pages\/61\/revisions\/235"}],"wp:featuredmedia":[{"embeddable":true,"href":"https:\/\/detektywi-winners.pl\/index.php\/wp-json\/wp\/v2\/media\/161"}],"wp:attachment":[{"href":"https:\/\/detektywi-winners.pl\/index.php\/wp-json\/wp\/v2\/media?parent=61"}],"curies":[{"name":"wp","href":"https:\/\/api.w.org\/{rel}","templated":true}]}}